{"id":1015,"date":"2021-11-25T11:46:47","date_gmt":"2021-11-25T11:46:47","guid":{"rendered":"https:\/\/quintadoregueiro.com\/?page_id=1015"},"modified":"2021-11-25T12:01:56","modified_gmt":"2021-11-25T12:01:56","slug":"politica-de-privacidade","status":"publish","type":"page","link":"https:\/\/quintadoregueiro.com\/en\/politica-de-privacidade\/","title":{"rendered":"Pol\u00edtica de Privacidade"},"content":{"rendered":"<div data-elementor-type=\"wp-page\" data-elementor-id=\"1015\" class=\"elementor elementor-1015\" data-elementor-settings=\"[]\">\n\t\t\t\t\t\t\t<div class=\"elementor-section-wrap\">\n\t\t\t\t\t\t\t<section class=\"elementor-section elementor-top-section elementor-element elementor-element-f806b9b elementor-section-full_width elementor-section-height-min-height elementor-section-height-default elementor-section-items-middle\" data-id=\"f806b9b\" data-element_type=\"section\" data-settings=\"{&quot;background_background&quot;:&quot;classic&quot;}\">\n\t\t\t\t\t\t<div class=\"elementor-container elementor-column-gap-default\">\n\t\t\t\t\t<div class=\"elementor-column elementor-col-100 elementor-top-column elementor-element elementor-element-fa841cc\" data-id=\"fa841cc\" data-element_type=\"column\">\n\t\t\t<div class=\"elementor-widget-wrap elementor-element-populated\">\n\t\t\t\t\t\t\t\t<div class=\"elementor-element elementor-element-179cad4 elementor-widget elementor-widget-heading\" data-id=\"179cad4\" data-element_type=\"widget\" data-widget_type=\"heading.default\">\n\t\t\t\t<div class=\"elementor-widget-container\">\n\t\t\t<h1 class=\"elementor-heading-title elementor-size-default\">Pol\u00edtica de Privacidade<\/h1>\t\t<\/div>\n\t\t\t\t<\/div>\n\t\t\t\t<div class=\"elementor-element elementor-element-3bdaba0 elementor-widget elementor-widget-text-editor\" data-id=\"3bdaba0\" data-element_type=\"widget\" data-widget_type=\"text-editor.default\">\n\t\t\t\t<div class=\"elementor-widget-container\">\n\t\t\t\t\t\t\t<div class=\"p\">A utiliza\u00e7\u00e3o deste site (www.quintadoregueiro.com) , da responsabilidade da <em>QUINTA DO REGUEIRO<\/em>\u00a0&#8211;\u00a0<em>PRODUTOR DE ALVARINHO DE MELGA\u00c7O<\/em>,\u00a0<em>LDA<\/em> com sede\u00a0 em Coto, Alvaredo 4960-010 Melga\u00e7o, est\u00e1 sujeita aos presentes Termos e Condi\u00e7\u00f5es e Pol\u00edtica de Privacidade.<\/div><div>\u00a0<\/div><h4>\u00a0<\/h4><h4 class=\"point-title\">1. Uso do site <a href=\"https:\/\/www.anselmomendes.pt\/\" target=\"_blank\" rel=\"noopener\">www.quintadoregueiro.com<\/a><\/h4><div class=\"p\">Ao navegar no site\u00a0<a class=\"clean-link\" href=\"https:\/\/quintadoregueiro.com\/en\/\" target=\"_blank\" rel=\"noopener\">www.quintadoregueiro.com<\/a> o utilizador declara ter lido e compreendido os termos e condi\u00e7\u00f5es de utiliza\u00e7\u00e3o e pol\u00edtica de privacidade abaixo descritos.<br \/>O site <a class=\"clean-link\" href=\"https:\/\/quintadoregueiro.com\/en\/\" target=\"_blank\" rel=\"noopener\">www.quintadoregueiro.com<\/a> destina-se a dar a conhecer a marca Quinta do Regueiro pelo que o utilizador dever\u00e1 abandonar a visita a este endere\u00e7o se:<\/div><ol class=\"p\"><li>N\u00e3o concordar e n\u00e3o aceitar os termos e condi\u00e7\u00f5es de utiliza\u00e7\u00e3o e pol\u00edtica de privacidade do mesmo;<\/li><li>N\u00e3o tiver idade para o consumo de bebidas alco\u00f3licas de acordo com a legisla\u00e7\u00e3o em vigor no pais em que se encontra.<\/li><li>Na utiliza\u00e7\u00e3o do site <a class=\"clean-link\" href=\"https:\/\/quintadoregueiro.com\/en\/\" target=\"_blank\" rel=\"noopener\">www.quintadoregueiro.com<\/a> o utilizador compromete-se a n\u00e3o praticar actos que possam prejudicar ou lesar a imagem, interesses e direitos da Quinta do Regueiro ou de terceiros, que possa prejudicar, danificar, inutilizar ou sobrecarregar o site <a class=\"clean-link\" href=\"https:\/\/quintadoregueiro.com\/en\/\" target=\"_blank\" rel=\"noopener\">www.quintadoregueiro.com<\/a> ou que impe\u00e7a, de qualquer forma, a normal utiliza\u00e7\u00e3o do site <a class=\"clean-link\" href=\"https:\/\/quintadoregueiro.com\/en\/\" target=\"_blank\" rel=\"noopener\">www.quintadoregueiro.com<\/a>.<\/li><\/ol><h4>\u00a0<\/h4><h4 class=\"point-title\">2. Cookies<\/h4><div class=\"p\"><p>Nos termos la lei 41\/2004 de 18 de agosto, o armazenamento de informa\u00e7\u00f5es e a possibilidade de acesso \u00e0 informa\u00e7\u00e3o armazenada no equipamento terminal de um utilizador (nomeadamente atrav\u00e9s de cookies) apenas s\u00e3o realizadas pela Quinta do Regueiro caso o utilizador tenha dado o seu consentimento pr\u00e9vio. O site <a class=\"clean-link\" href=\"https:\/\/quintadoregueiro.com\/en\/\" target=\"_blank\" rel=\"noopener\">www.quintadoregueiro.com<\/a>\u00a0utiliza os cookies no sentido de melhorar a experiencia de navega\u00e7\u00e3o.<\/p><p>O servidor web regista e armazena apenas as informa\u00e7\u00f5es por defini\u00e7\u00e3o usualmente registradas pelo servidor. O endere\u00e7o de protocolo de internet pelo qual o utilizador teve acesso \u00e0 internet; a data e a dura\u00e7\u00e3o do acesso do utilizador ao site <a class=\"clean-link\" href=\"https:\/\/quintadoregueiro.com\/en\/\" target=\"_blank\" rel=\"noopener\">www.quintadoregueiro.com<\/a>; o endere\u00e7o, na Internet, do site a partir do qual o utilizador acedeu directamente ao site <a class=\"clean-link\" href=\"https:\/\/quintadoregueiro.com\/en\/\" target=\"_blank\" rel=\"noopener\">www.quintadoregueiro.com<\/a>.<\/p><p>As informa\u00e7\u00f5es recolhidas tem como finalidade mensurar o numero de visitas \u00e0s diferentes paginas que comp\u00f5em este site, o que permitira \u00e0 Quinta do Regueiro tornar o site mais \u00fatil aos seus utilizadores. Esta informa\u00e7\u00e3o n\u00e3o \u00e9 usada pela Quinta do Regueiro para rastrear ou coligir qualquer informa\u00e7\u00e3o pessoal identificada dos visitantes, incluindo atrav\u00e9s da liga\u00e7\u00e3o do endere\u00e7o de IP \u00e0 identidade do utilizador do computador.<\/p><\/div><h4>\u00a0<\/h4><h4 class=\"point-title\">3. Propriedade intelectual<\/h4><div class=\"p\">Pelos presentes T&amp;C gerais n\u00e3o se cede qualquer direito de propriedade intelectual ou industrial sobre o site ou sobre qualquer dos seus integrantes, estando expressamente proibida ao utilizador a reprodu\u00e7\u00e3o, transforma\u00e7\u00e3o, distribui\u00e7\u00e3o, comunica\u00e7\u00e3o p\u00fablica, coloca\u00e7\u00e3o \u00e0 disposi\u00e7\u00e3o, extrac\u00e7\u00e3o, reutiliza\u00e7\u00e3o, reenvio ou a utiliza\u00e7\u00e3o de qualquer natureza, por qualquer meio ou procedimento dos mesmos, salvo nos casos em que seja legalmente permitido ou autorizado, por escrito, pelo titular dos direitos correspondentes.<\/div><h4>\u00a0<\/h4><h4 class=\"point-title\">4. Limita\u00e7\u00e3o de responsabilidade<\/h4><div class=\"p\">A Quinta do Regueiro n\u00e3o \u00e9 respons\u00e1vel, na medida do permitido pela legisla\u00e7\u00e3o aplic\u00e1vel, perante o utilizador deste site por qualquer poss\u00edvel dano, decis\u00e3o, incorrec\u00e7\u00e3o, incluindo mas sem que isto constitua limita\u00e7\u00e3o de dados directos, indirectos, incidentais, que possam surgir fruto da utiliza\u00e7\u00e3o correta ou incorrecta do site e dos seus conte\u00fados por parte do utilizador.<\/div><h4>\u00a0<\/h4><h4 class=\"point-title\">5. Disposi\u00e7\u00f5es diversas<\/h4><div class=\"p\">A Quinta do Regueiro poder\u00e1, em qualquer altura, alterar os referidos \u00a0T&amp;C de utiliza\u00e7\u00e3o e privacidade sem que para isso seja necess\u00e1ria uma comunica\u00e7\u00e3o previa, pelo que aconselhamos os utilizadores deste site consultares este t\u00f3pico esporadicamente.<br \/>Sobre qualquer quest\u00e3o que tenha relativa aos termos e condi\u00e7\u00f5es de utiliza\u00e7\u00e3o e privacidade n\u00e3o hesite em contactar-nos atrav\u00e9s do email: <a href=\"mailto:comercial@quintadoregueiro.com\">comercial@quintadoregueiro.com<\/a><\/div>\t\t\t\t\t\t<\/div>\n\t\t\t\t<\/div>\n\t\t\t\t\t<\/div>\n\t\t<\/div>\n\t\t\t\t\t\t\t<\/div>\n\t\t<\/section>\n\t\t\t\t<section class=\"elementor-section elementor-top-section elementor-element elementor-element-08a50e8 elementor-section-boxed elementor-section-height-default elementor-section-height-default\" data-id=\"08a50e8\" data-element_type=\"section\">\n\t\t\t\t\t\t<div class=\"elementor-container elementor-column-gap-default\">\n\t\t\t\t\t<div class=\"elementor-column elementor-col-100 elementor-top-column elementor-element elementor-element-9f9a60d\" data-id=\"9f9a60d\" data-element_type=\"column\">\n\t\t\t<div class=\"elementor-widget-wrap\">\n\t\t\t\t\t\t\t\t\t<\/div>\n\t\t<\/div>\n\t\t\t\t\t\t\t<\/div>\n\t\t<\/section>\n\t\t\t\t\t\t<\/div>\n\t\t\t\t\t<\/div>","protected":false},"excerpt":{"rendered":"<p>Pol\u00edtica de Privacidade A utiliza\u00e7\u00e3o deste site (www.quintadoregueiro.com) , da responsabilidade da QUINTA DO REGUEIRO\u00a0&#8211;\u00a0PRODUTOR DE ALVARINHO DE MELGA\u00c7O,\u00a0LDA com sede\u00a0 em Coto, Alvaredo 4960-010 Melga\u00e7o, est\u00e1 sujeita aos presentes Termos e Condi\u00e7\u00f5es e Pol\u00edtica de Privacidade.\u00a0 \u00a0 1. Uso do site www.quintadoregueiro.com Ao navegar no site\u00a0www.quintadoregueiro.com o utilizador declara ter lido e compreendido os [&hellip;]<\/p>","protected":false},"author":1,"featured_media":0,"parent":0,"menu_order":0,"comment_status":"closed","ping_status":"closed","template":"elementor_header_footer","meta":{"footnotes":"","_links_to":"","_links_to_target":""},"class_list":["post-1015","page","type-page","status-publish","hentry"],"_links":{"self":[{"href":"https:\/\/quintadoregueiro.com\/en\/wp-json\/wp\/v2\/pages\/1015","targetHints":{"allow":["GET"]}}],"collection":[{"href":"https:\/\/quintadoregueiro.com\/en\/wp-json\/wp\/v2\/pages"}],"about":[{"href":"https:\/\/quintadoregueiro.com\/en\/wp-json\/wp\/v2\/types\/page"}],"author":[{"embeddable":true,"href":"https:\/\/quintadoregueiro.com\/en\/wp-json\/wp\/v2\/users\/1"}],"replies":[{"embeddable":true,"href":"https:\/\/quintadoregueiro.com\/en\/wp-json\/wp\/v2\/comments?post=1015"}],"version-history":[{"count":7,"href":"https:\/\/quintadoregueiro.com\/en\/wp-json\/wp\/v2\/pages\/1015\/revisions"}],"predecessor-version":[{"id":1023,"href":"https:\/\/quintadoregueiro.com\/en\/wp-json\/wp\/v2\/pages\/1015\/revisions\/1023"}],"wp:attachment":[{"href":"https:\/\/quintadoregueiro.com\/en\/wp-json\/wp\/v2\/media?parent=1015"}],"curies":[{"name":"wp","href":"https:\/\/api.w.org\/{rel}","templated":true}]}}