{"id":212,"date":"2021-06-21T16:21:30","date_gmt":"2021-06-21T16:21:30","guid":{"rendered":"https:\/\/quintadoregueiro.com\/?page_id=212"},"modified":"2021-12-02T18:40:40","modified_gmt":"2021-12-02T18:40:40","slug":"contactos","status":"publish","type":"page","link":"https:\/\/quintadoregueiro.com\/en\/contactos\/","title":{"rendered":"Contactos"},"content":{"rendered":"<div data-elementor-type=\"wp-page\" data-elementor-id=\"212\" class=\"elementor elementor-212\" data-elementor-settings=\"[]\">\n\t\t\t\t\t\t\t<div class=\"elementor-section-wrap\">\n\t\t\t\t\t\t\t<section class=\"elementor-section elementor-top-section elementor-element elementor-element-f806b9b elementor-section-full_width elementor-section-height-default elementor-section-height-default\" data-id=\"f806b9b\" data-element_type=\"section\" data-settings=\"{&quot;background_background&quot;:&quot;classic&quot;}\">\n\t\t\t\t\t\t<div class=\"elementor-container elementor-column-gap-default\">\n\t\t\t\t\t<div class=\"elementor-column elementor-col-100 elementor-top-column elementor-element elementor-element-fa841cc\" data-id=\"fa841cc\" data-element_type=\"column\">\n\t\t\t<div class=\"elementor-widget-wrap elementor-element-populated\">\n\t\t\t\t\t\t\t\t<div class=\"elementor-element elementor-element-179cad4 elementor-widget elementor-widget-heading\" data-id=\"179cad4\" data-element_type=\"widget\" data-widget_type=\"heading.default\">\n\t\t\t\t<div class=\"elementor-widget-container\">\n\t\t\t<h1 class=\"elementor-heading-title elementor-size-default\">Discover the essence of this territory with a full tour of the Quinta.<\/h1>\t\t<\/div>\n\t\t\t\t<\/div>\n\t\t\t\t<div class=\"elementor-element elementor-element-3a446ec elementor-widget elementor-widget-text-editor\" data-id=\"3a446ec\" data-element_type=\"widget\" data-widget_type=\"text-editor.default\">\n\t\t\t\t<div class=\"elementor-widget-container\">\n\t\t\t\t\t\t\t<p><!--(figmeta)eyJmaWxlS2V5IjoiRU1vQ3lhYjZmRjZIeWM5Y0J3dXZONiIsInBhc3RlSUQiOjY1OTc2MjA0NCwiZGF0YVR5cGUiOiJzY2VuZSJ9Cg==(\/figmeta)--><!--(figma)ZmlnLWtpd2kEAAAA7iIAALV7f5wsS1VfVc\/M\/rh7730\/ecATEREREfX94r0HItIz07PTd2em+3X37N77RIbemd7dfnd2Zpie2Xv3iYgvhBiCiKhPgkiQEEU0ioq\/ElQkRk2i+BsR8ReiMYkx5pcxxph8v1X9a+7e58d\/vJ\/PnTp16tSpU6fOOXWqqvdJ2Y2SJDyMgtNZJMQtlxy7N\/AD0wsE\/vWcpjVotM3etuWjKvu+5ZXqhqK2ek3AFd\/e7pkdQFU\/uNKxANQUMPAt8lpTtIrzwN+x3YFndRyTPdd7TmC3rgz8ttPvNAd9d9szm+y\/kYKDptNjfTOre1bLs\/w2UOf8htWzBkC77cEjfcu7AuRWGelZbofI80271UJ5odGxrV4wqHsYvWH6lO2ieT1OMJ3LgAWJpTkcQi1AeZbZHDg9xUKoyp5nB5RG9qajyD0KkwhkDTQFFmcDoq6zq0C5F09G8eTQW45J03N6j1qegwbhNFU7OWi934lGCyjRdBr9LuQDKBtmb9f0ARnbntN3AVRantklXbXuOB3L7A0c1\/LMwHZ6QNZ2rUbgeIDWqGeU6x1bsd2wOh3b9QlueiDCAqoVOudZ2\/2O6Q1cp3NlWzHZwlC9ptWE4gq684F1mSJd8Dt2g4iL\/pVu3eFq32L3MFhPYW\/1A7uxQ1Xd5rdN1xrs2UF7kPa9veH0euCpBLzDPwpn0V68OAqi6wutgw3\/kb7pWWgVhbiyaZtdR1mYEXi2EggmgmolrzadPUpevZnkNdf0zE4HtgZz6A48e7tNYdZW0R2rRex6fRxNRl2sCiR0Td8fBG0w3aalwRe8rrJv2TS9HYsjGt1+J7C1fVWoamiy3vfYVG04HSev1TocV\/VZ82ErClKLgx5Np7ltob6hu2TVTViR1zHJ+5zvtIKB4oHaVtv0mnlN2bXlWXoFLliXG52+r+3hYrtP3C2+GfRzI7lVjQLgtk6\/a\/cc3w44xO1uGE\/ShVj3nY5NjQsop6m8RYsKjMxRLJU+YJ0AiYLSaU3AVXIciNL1q9pdU82sBg+5ZANYs48RefxhOI600hE6PCtoKH23bE5PtuyOGiSw1XpWrIODaJgKWrVhUR4ChwkTQKNoeo5bVGXLgX1jAXvNQb3Tp1xG3WzsrKIqtMCGcuM1B\/Zh6ygm+i5cC6XsOHsKgAiBlsGHIXQGDdOlc1aL2qDleA3l+jUybUbD6TxcxNMJ+mQOjpGxrFAnYInp2jtWYWRGb3m8H837k3iRoI9nchrCtS9bHR+AhEQIbdSL0ZhOksW8tGhYTOAF25W4smsynhkYI1VpxW+YagLVFjg2B7pHLa0o6jV\/MZ9ejcxxfDhBh5yZgJfbKihLpx+koKGJG+EMw2fzw1TUasvcmw3T85w9ZUKcREVXrUf6dgcxE24IZDU1kwGXO9Vg5t45KhXu0jSmbF2EYSVa3dq1yENmQxv16XQchRNnFmXqr\/Z72vwxEXTzESEAS79fDzxTwcZl5RXKGtT029N5\/Ph0sgjH6J4GiJJ2YSnK\/4xLfUS9lq0kLHrvRvNFDMMmznHRVOpad4LA6QIyutNlEjWW82Q6h\/83rZaJgIIG0fAcH3Zse4CldcWiYWPxUTOw+6qhXBNTQYBpwIBQr7oqqNRQNOwOoLUuwxS7rO\/CY6bzbjyfc5zcFJV6UUoFwHsRVazedkBbMZphcqSd0mggGAMlCkuSynG14VXd3jZQ4pJrsZT+LgvDbXK3rVjXZ9P54kZjrWAvQDhEJpBapMgQe3ZTjS8zRNvKFN0JT6fLxfY8HmkmVW2\/JcUWAhranCtFHzdcLKL5BE2gsl1liohvKs5JtWzLxdSLkvhxsM5VpMRRmsnlkDkE+z8dR36UTgqq93wnjR6BZXKFZQPWodcaKQsSlF6D0bYSWF3X8UyVrlQzNtDSIspVdCYIA5RZCMXQ4fCqXp9c2DbC16NQm5JAYvfAbqxgTa3sEuRn1KZ1pYka0yWEmKe0taekzTVdMfsBcxrMAt0vLZNFfHCK6lP2dM2GNYDL6pyqorr5WusqEgGJHMq3H7UGgQPnV\/NeQcBIsCh210UyghpbQMOIOIGhw9+1BmuZXuAnlod1GTCdRV32PaUV7gUoK42Oo3KNqs2phyUW553eANavyITZAptBYHcthEDUZddBPjxQ8zQ0rBsq6NXm7g24qhuwIZGspmsqf1kDlYt50RCz6LnR9Ex6zybadqwrWbdzqO46OvPaCubhJIkLGe9GaEa6EwwQyRCk021eNG0fFrRrAZQtJM0oDWRvyJ5bnpNnPJUSKoto1RJOx65aCZMHrzW377c1LmW2XmAyXhsFSrPaLBA5p3NMmDUu5bRVYDJO5wuU5nShQOScLmpBsQwgypjdsoLM+N26gtUsb1vB5VxvVyOl2JTpHWVcxvPOMlKzfFoZlXO8C25sNwZsQ+3pyCBwKjJ78G51tHgGckQHOUWBeaYVJjhJ6BXfwEGq0a\/bDTQIss4qEvlcqWpwy9XpGHrQ2vOmKulWMDXddwW3pqNXXl\/3h\/PpeNyM59rPwCc13L8h9mDSKk7ovnDSBV0sGsHxFxHarcsu4qv2+wY4cD9WNbndRwCURoKTGAYDvC7keIpNVYHw9zG2M1mdi00hD\/Fj7OOnEuKnqnc8dL6OmjzFj+EBBeoCcQ0\/lSP8VBUnfzGdocOQsNgVcjbVXgYCoxsu5vF1IdeO77kHdXl8z70ojON77kNROb6XyOrxvUTWju8lcs0N54jl9mQUoZ9xuIxHIigx3cpyPTSehONlhD5yqfK+u4XRgpZ64XEkZOUgPI7Hp6CXCbcJAAaYLJLhPJ4tUKuQdjecxyG6LI+jeTxsxYfLOVSLjSE9sghYgq22ael0mupYDlgNs9rVn4VD2NlKXxe5h4P1TLc2GZj1NMu\/CYMWF5cTLHNAcofDpYKxR8PC1PqWezfCWQL7KrrAJVTeL1EMsorhWsjBKXoFiEFeY3aHozzBGlCY7DbAtRJ\/N9N7WSxkf\/hFEoiNG4CSx1dKxuLkVDZsWlm\/RD6pYm4rChdKwX8oXaT9aBKN+1xFkkphNFyf+AqlQakERFlLLwDWfLvH9Gjd8Zo9lBtmy2P7ZrOn4sO5Xr9LkbZwyjNRnscmxCldaOryYluXt+AkwfJW01R5420NXd7uNVR5h6\/rd3q76hz6NDomyrv8PXV98vSGv8fyGVgc4p\/ZaHQp992+3tw\/o22rC5JnpXvsZzpej\/I9m0pB+VnYcriUz2kG6oDy2a2OyXk8t7vtcc\/8HB+2hvJ5SEQ5\/ue2kFChfH5bl5\/X1uO+IND1z39Ely90dfkFTK5RvqjTqrP+hY6ryi\/yAlV+sav73+Pu9KinezsIHyjvQ0k57\/eCDusPoGT9xWbd20X5oFnfZf0hlJT74V3N5yW7EAjlS+udPa7Pl6Ak3ctQku5LzZ025\/HyxiV1aPiyRks5wisarqqbjb5Hujp2X9YbCG4smy3N32rhdImyhfI+lNso70fZxrAcz0ZJ\/pfaej4YbZvydNrOJdoNkiqVD\/Vs7O0onUvuQw+jdC+5D5PPI5fcl9yD0rvk3vMASr9zqct+QcdpkL6PjYbrstu1mjyA76GkHJe7O13ir\/Q6Ktd5tNffCVB+ORIUyvVKlD7Kr9iFwlG+yvUD4gcoiX+1t+OxHnpum+W+169z3Yc+kjSUo0DLEQU9lRYfYJm4foe7uJpAebSr2+NdPe\/HdneUvVzd9QIP5RjlfSiPfR+RV4gJStanKO9HOUP5AMrXoHwxyjnKB1EmKB9CuUBJPS1RvgTlie8jZgtxDSX5XUdJfqcoye9xlOT3lSjJ77Uoye+rUJLf61CS31ejJL\/XS9+\/jwy\/RjZ2lYRPECDLv0eAPN9AgEz\/PgFyfSMBsv0HBMj3awmQ8T8kQM5vAqBE\/UcEyPnNBMj56wiQ81sIkPPXEyDntxIg528gQM5vI0DO30iAnL8JgJL5mwmQ85MEyPlbCJDz2wmQ8z8mQM7vIEDO30qAnN9JgJy\/jQA5vwvA\/eT8TwiQ87sJkPO3EyDn9xAg539KgJzfS4Cc\/xkBcv4OAuT8nQTI+X0AHiDn7yJAzu8nQM7fTYCcv4cAOf9zAuT8vQTI+fsIkPMHCJDz9xMg5x8A8GJy\/kEC5PxBAuT8QwTI+YcJkPOPECDnHyVAzj9GgJz\/BQFy\/pcEyPlDAB4k5x8nQM4\/QYCcf5IAOX+YADn\/FAFy\/ggBcv5XBMj5pwmQ878mQM4\/A+Ahcv5ZAuT8cwTI+d8QIOd\/S4Cc\/x0Bcv55AuT8CwTI+aMEyPkXCZDzLwF4mJx\/mQA5\/woBcv5VAuT8awTI+dcJkPPHCJDzbxAg548TIOffJEDOnwCgQtRvESDnTxIg598mQM6\/Q4Ccf5cAOf8eAXL+fQLk\/CkC5PwHBMj50\/LGuwakVgts1+I+IbMUy2BO2Q1nMyY50jiYT4+Zli2m+DXq4+m+kHL\/dBEloiL1JYcwKrjjP2J9wowM+dcoXISKdh3ZVzzGmbHBpNEcPYbTr5AbC46NdC45CkfTawlA4yg+PMKR+gjpHRLGUbQI4zGgagSRE+YSSBxPcOSOcEkBeG0RHavLK920fhLv49Q3JLyhLmr1sOnTjTDO\/d0OOURiNA8xt02xuT8nzwlGRu2cEkYYtyk93yrkkIpA9mxMmUgumGdXTuIk3kdSJUUVRXq\/flHUEiTciXilXAPvSXIwnR+LV4n1WCn9cbGhgOAISfKEkj8uNsMJcDg52GwB4laNQFqHrBNLsy5uQ718oXy7ODef4pwBEkiylbABwPkDpb4GhU1X7bXiwoxzaakW8TpxMTqePhY3wMXFfSOUuC5vYYLYhSKbMABh1K5Gp2Ik5AGwnXgStSNqBuwNYprxYQS+FWTwqOm0ciaqrOxpwhqSVdw7aWbnh0chU+donsDEZF5THe0mhzcSws5JNMd1VhSEUCZcRVbG6o5LXaFchopxkz2GNAk2E1k7HJ\/OjhLsInJtlN9GJ9hD5LrutosBgYLuNihaPrsnpNw8CMfjfdzOtNCQiJE8d4RVnoP51fr0OgZ4o5RbqAH6YynPt0uNwqju4yJplIhHcaqZjzGl7AhUOcrokOHV8JCVyiuMddilTtIvC3ktHi14NjPYdgVAhUCu4iprZjLEEQu19YN4niwamc4wmRrsrFxf26YihLE2nB4fhxAs9d\/iQHZZaP1CKrj1AaasNIqhzjIPRyepa6w1c60Kw5jjiIkpS1lwMvRJVOnUqJyoSi9aXJvOr2YiTGD54RiDjdSImSBnF5qxC9eYmIakMhMRSOmfHu9Pxyn7RFUwboBIoOCMSUIGBs6XdDOfbtDCbOCqUGzGNguLhqEWSs6AQyaBsxCcYDuaMDhgnnosOS1zlk2c\/U7omcfLBeVVDqkpjVVKVFKDM3zoFJNWgnrRQYQDM5RqbB7E42gHvgU\/SFSjmpGR9myHiMY491IFLkRMxU6Q0MhqFrtr4xjha37KuQVTf7nP8\/I+yIgQJ5J2MJtOYD56oPXl5GDMG+IJaMocN+KknzVFcHaxqaVuZP27YQKr0FOtDDOs5ipny\/1xnByBGceltME0iMLjTiEdBzFuHKRiYw+jiTmYNHXnLzhrozJN62TlHPjXICm0nhJzsRCBV0RY1f7N+e7e97firK5e\/NKCZF00a\/0wBzdWe8GdlAThVe0FBwdJtIBhV+bhKF5y46gWm0INRb4prCWzeRSOQLEecFdQvmlPDqawI8W3I+RoqQ0RRIaL8D5lQzM6iYfZi0R2KcVTi3ockQ2cI9XJ2lA43FPxPgP1iu7oZbsErD3t3GjsDVSmIm8YBMGNFaSnsM\/UYyE1pmiPoPf4IEaUgIGil+b5Pux8DnSFiOum4SYgA7z4QhJ19yBwW5hdLUrCeYvBWnbBWMFlGuaRUVbTak5cSxEZPd6Aen11YltPBagjnh\/OGZvt4rIbo+Sz5l34APfNuHHATSCuBNPHPnmGgZ5D3hMnUrs5yF6Xz5KbMCjEUFqTYeznaMXlA1BlgWpkhtMLkaAoHSoq3Oibu7gQUXc+Anen6fO49PfULYzBkp+YKAK8dqpLVP06YSHrmS98JDtwxgRBJlkeHOBKD06qcgY1wD0C138weZ09LkQlOTmkZ\/cQzGCpVVSRPdJSfxR2i5qzXHAj4jaOdgQV6BR7pTPBjZ0U66BoTedDeBnfLREpriZAbyyTyNxPpuPlIqpzvkRupgLubqcjCMNuDXqWld6Mmp0984oPQHbUvs0nLcxiQbEfEDLkBywGYmTuVpXJ8tiHQ0J5icA+mzohkr5EY32aLnawwyXCzjytrQ9T3W\/MGI3wXvag2NxGpMWiVdJBZM4q39NdBA2s6rW4+N5lQyAArOy1eGDCthZQYt70aavh4y4KXAt6zg4xRvq5SMVqtfQrbRWXKI5HqJa+163pGKz4lTYOvW\/quJftM+luke01JMA6YGZcV8wpISbtglfY4qIQfYp9KL28rkdHsEjoB\/yUcXFBMAW8Wg322hacpm13mgOnhXdNNuMeEg8U+osdac6H+ZghHocnh+bkEIpC1o74V6oaMd6x5l4WKis65HaQMaHvch5DHjmKk9k4PFWGuYUTia4qO4S07nh5GKcbdWWmKtAbuuljEDpc1dNyVZsXjcPlZHikO1RnCqk7HCPPh3cAhGeo1QRYiZNmNI6QicPOqo0pxGUu0Q15mMDqZGubvgwynqEw0qCVxjBA1SxM1XIe1mQ0Y7oNuaMUZPYBYQLsptnaIOAe68F+CYaedwYARxu77AVrKJFr\/0A3kGhaqsoHxHbc79vNJl7A8USD6KFMDVdtGUp\/3yZXunZjLRyGSYAkl48hhhWekVNj3eD\/MDIMY3Xqzp72Z9i7mc5eptlAd3oSpVvddDzaUSuEJAzG2soNUeViyEUnWBPjicz\/VDoYhIdwshfPjpBQizVhKEAjH5zB+LPHiFeLSqmqCR5a0CvPCbWxadTDk1DZVo2lRr2kiC5rKagbXorU4KqyhnUNafSXFIfAjRTUDS9Dz3zL38wruvFLh4iJCwDnFKCRL08Yny7jCIdSo74MYTo\/Np7PK7rxFSP4PaISHH0iNuWFUlUTmKF67ufkIPbFoqab68VuZE2Y0HJyt5xBauLGMSI72m9lqVHNSIVzWEF5Q7jtLFaTW+xpJ47eTkB5+wpCE7WK4R2tTSj2jjNITbyNY0k5itxZrmuSdumQ87QM1k02LCQ8nIezIxoJVmNT3HUDShNeyrHZy9GmePqNOE26w7Bnwyvm6vwBwmesYjRZ5zjGKnViFCB5Joq0ppu7CVz8apQeoTfF3eW6Jukt4KABUpurGBskn1GuaxLnKP+4B4sBFmrDf5Z41s3wuouLGgYycaUyEc8Wn1mqaoJHNKYRzsRzxLPzim70dF19uvRc8VlFTTf7FFHxaucCiOeL59wErTsEectu9qHRC8Rnn0Fq4j7xDUQDcZd4bgbrpl1WS2fYZ4jPWcVosr39G7+oep543o04TXr5JB27UCAU+7lnsZr8ykE8HrusJ+L1Uj6\/qOr2R0ENVWkUKT6vjNA0X04fSa8G9sULippufiVtuwfXxmXN52ewbvoKNVlue2+Q4oVZRbe9KlIHmgRX1fILUli3DBB\/R8gj1PdUsCnxIvGiG1Ca8NXa3\/0s6\/xhKb9wFaXpQo5sqhCUwAfFw+KLVjGabB9b\/FSnfgkumuUXl+qaYqgvGDgJvAqIe4qqbh8l3Imwm66Le1NQN0RFGGmkGeB9N6A04QEXaDuaHkeL+SlusuX9ZYSmOdRLlCFJ9cAqStMdwf\/Tj5heLuK8ohsfU\/U0gsCLr5brmmSsUG44YvYEkuNyXZNMuDMi8KuLjGlW0W2zRCVW1A6eR8Rriqpunx\/wEqOLQNyMExXuEZiTM0hNvJjrhZq2ELekwCVqXtUEJ3rh65BQKzXrD+prSvAGsAh2yoFFXVxXyEu4nOQHVU1xmugUVklZZL3vkOLxONFYV183kC24fiWgvEP5TuO1I31bo1s4YR7gv6pMvquzZ+z\/r6PHpK\/oDaSA00mHZzJOEGN89UorxL++WIbIVQuK16v70ZQEcx7OIwYL5Dtlqq8pU7VhC\/AiRIsyyRNlEmeONUbQk3hfK6H9Mfb5aPRoNJ+i6Q3lpl76fYL+NuIAr3BnG1PrEke42jzb2sIWQtHFY3iwKzUjyCdijOvWEs7Ncs8JnvJodpjCh6R8k0TsS281mMnBEwO87M1wVaAuGHxsiEXC++aioTAb5Ytwz6+TCIBIZ8Ix0wjM9i3ZlRx2Z72IisnXp3dozQiqj2ccGav6Vsm7SqSR2Hans050gNUr8gP40jesEHiMpjdQvK2gqE8Xi+nxTbh84400N2P0TQVR0RIzy5ghMUSqgcl98400ATafVZInqS26GGaYwBYRcULsBPSvb5HatmG\/+m4M\/gvdKct\/p8QrJ0jTVVEJ+HslHjwLXIAFEB14WoFqFndQ3yqjMP82qwd+0DPOisVHUi7eQYdKaP94Ol3wNhDd3i3jyRHMii8OY1\/HYizXuzK0rwJm0fCerCGAjxXo78zQlgovRcP78ga1dRUN35U1cN8o0O\/P0CV5WvwqimKg\/cdknORN0Om3oa4bM8y3y4SQ0sOHJR52VXXV7n5SLrOLTqihHJTeK3GixKJkPriPd2D0hCYdfai6jAs3GHgalr47XVKfY5SW86clHoBLTUWg\/IjEi3CcrMbI75WR0huVaia4fSEA\/PeB0p8eIBGCVCkroD8AdG866c9G2LJTFt+figmTg30MFTVahYc35WGBw26AKfygxKUTDPEoHo8gVjM+QWjgbeEHS8blIuBF8xO8Y5EvhvghMppgFdGo1NtGKlGg+DnrlvgR2r+OFuk95fsl7qkSxSS\/ufgZicxBRQ6Ihb4ByMUlvFYXwwfxcYS0Ajb6oTJlN0QF\/5VH\/bhEJWspOcNPyFGEDWui6ji\/YMGQpKDDh0v3ezp3w84gf0re1OjqOSkM7yMyTG9Ofk7iNRzqWt27OioJ2k0towYLmGCqh0oCNbsPSjyZT0+UJFlcVg3fI6GOtIF3IAswzgiwVj+btRXi2MWkYToQ6AyFWdxy\/oDEM7zaE1LZtvAav4B99bG6nRWp1\/E8r69dOCM80cufx5v0IaLdyJk4QUt\/cJaIufyFHH9wsNLw0dIK+kfT5XjkH2MzMdUTKe30F2XChEKnF6\/AzYmqFgeLNG\/CIv6yboJwKmUvGn5FN+ypt7mW+FVd1bk26r+m1IGooi4rAvHr2fsHVpdXCR\/L6irg\/AYsOA3HJN8SH4dzNfBWL34zo4tGu6mCtsQnUgVxofLLqo9K+VtgA\/Fhl3N\/OaMvp2GKocnkfsnIywTik1rcNM2CQ3JSLfHbBYMk5fAUDH5H5m+X4i+l+F15NToN5vHhITz4L6T4Pcjv0\/W3YQkz0P9+4ZElw0nEn0r5KXkyhYtaJ5i9e4S3dernD2AtuC3uP0WE\/LSW351jReenufx\/uIJWy2vjLT9ByvhHuimdcanpFeLfp00MRGlXiM1PYv9Yt6Sr7qm13RT\/YQWrN3Og\/6OkqTNdY15djzABRB\/ETEwUz5P\/SfdSo6jh\/Wh8gNz2T9KkpANVJvAK+Z9JmGrOxTYO0zvd5WUlEj0q\/9NS\/qmk73SQG6ql\/yMp\/gueTs+8TD4pxZ9xA7jhrwvPi\/\/KdWbE5KYGz4A1i\/9W4CwEG2D+e4GBcOne9gkp\/keBV72R9OGY\/z8LLPpr3J\/r0enkqWdsiv+VewY640L6XVL+RWEcwMHTJocu7gMWGEn871VyvM+9W8q\/lGhVCZ81WR63cCCD3mF04v9I+DA8o7HqTn9VyNaAgWMXUPwTuKn8v1kYvcmD7dul+OuiKxWYX3Z+XIr\/J8c33FZ+Ejk+rqy1aOSQifYppPXGMjn71vGEYafk5ZngyajDq1GZNZZ5GVj8BH4ZwY4Q4yX08pTWgvvTWYqEGvSddyK2pMG55PZjVMcAEYnAbX85hskGWAoYtMBkmFIqk+pEJ9EYJOrrg95SfbCNxxTNaaIVZhhjgKr3n+AO+Ca9jXoxAJ4Cvabl6Vvgfq+oSLvXxDseIDypDTr6A9JKJ2ONy\/qOqf7WRKR9MhqZc8kwxbOo0qWOO5ixviyGUFjLP5PC0A0J3ECu3unn\/S1Fa6zFBZ8AaGQMmGeOWkkNoL68oZQZVK5G5WBZvUn8qxU7WJGDrOWymIqlMC4UZD34P5YQkypwAUiRrRsFpizFSq5eLWiKAUtS3HQf5SsffQPtik2bj2YZRqdiG\/ANpgXcq25IKjbPJifnigHPZH5bWt4Wdjy24yr7PExvHmoC5AA6M76QKwmOUYolRmUCt4ZE8PeklIYXbyN4zUlXpamTRlHbsa7UHdOjTcJAd3rOHh62+IcZeNFSr8zyct25jDdiC7Dh+g+gqPh7dtBoD1z1eXt1p1hrg29N\/IwKr5ASy6Sw6Vh\/DmtpQ2i9pRqG\/lJInZexpsZuHF3jdgzLHYaTkzDh2SALI48KOUMqPYbKTkAHXRmq3oyoS16NV3Snbc2tqv7Wkqz0n1u+UEjdrph2pkO1JtClUUJju9Lrym+aHr2RY2McD68Kyc9l1iGN0jj6+2pt3EzD0phg9qBPU\/F80YxAKwO5nDYXIdVXGIDSEeTRdJHMpou0aiTXwlkKZ6uWd9ahqDbVtZTqb2Iwy0zGLvw1baum3eqInDNcZy7sEW4MRA26TuCwyL4R36BLYx+O6+NGJ+JzIYZLR0\/EGw2E29ysi7OwMFqOt5cal2fhCd+nFUncMahg6aL3vsoYcNbHCGt4CdODfS0enifRtbxinJGxSRkrgLLZAIO5xElbU9qTXnTthilgUqNcuDcZiDYrArh8Q4N187N729R\/liTMuuNpUDacbtcOdMVY7boTnR5wT4UPzhSXt2AC0PkhBOCth7FAxEkW4fEMlfR9Oc320GV\/dVaZYm3sLddhbEai6HNTwkOuHlufTGEHuAhbZErVAok3Q4CzaB96wDXMW6FRzTQVIhFvM2SlLGRVWTiOLoWv1MBj0cWE+EbMPRqH5y0hdxnbu9EihDAwyiybwLk3HI9hSyDpI86hMwQQxl0rf+GVE2NxjDR8VYbprVcVUfgw0lG2Rr9X8eGvEJWPlXv\/NZ4gk8xpkYBuTPcx0AnmI9bl5ihi2Olpnuew7LAE5cQ4jBpyS88\/c9wEeYrEu+KqmyXiDYa8gKHmkHZLXFQKzWhSQ4PV3bKCd2\/iaugeiFsXGUnGvkmNwXtum6FWrCgOAIa8fVjS9pOGuONkRc9vN\/DKF072cJymYT+NHwC3sPv4eoWluMvHhJE14WXukWWEi3k8XqfbRS8NUbhQw9EOBkZEQ61Pkg9gyP0x9KmysNT0sF4NFU+9SE8LRHqJdCgPYD9zlSYi+0jcEIrjusoF8F50jJwBg3cT8DGgITxYAa+qlQUg6nhdxVksVH0+DUdDqBXusWowqwK8G5asOov3GKKSqcu4m\/qHm8pyXwMKVkBlUswX5zxZhaCpfSbiHYasqZmL63ItwSkmHKc2tB4OcfpJRFVsJDwp+JF6XELLZlYPOOxLxbms3kAujtko9MvElnrfhwg1cV6BqV6xpasqTqKMJGB4UQ\/shqdj6AGIW5KV1Ywh6DsNeWtpIvnCvcsQtx2A0y6OUpg65nu74m5jRbD8cMpTZ7lI4lFkTYZj2D8yDhW7pLhDEbpQIfw2EHfiiI4sCdY1RhQY9yejqc8TnvgOQ96lUF5UQj19P1u0RLzXkM+Ay2nv9qPXLCOcHNOUel08U41Tx5YxPPKnSxyDWxBYT\/3uZnxw0DhaMkfYLM0PLi11bF3LP4HpoRkLiIihtmoldFXD6crUdM1OlDNCpZjN2pDcE1NdlWL2wRHmSRSGWMcmF1NRWLV2DPedD49OMYTcmJ3FbVLUbI2M6gTSZMKiVfsPrAjSpjNKxPsQZlmtcxhSVf8\/kx4AAO1ad3hVVbbf5+zk0iFAKKGEEEC6tICUu\/eRKip1YFCQFiG0wYRqG3IHCElUBkFFpQiKKFgAUYqIyVWiKEhAVFCKZbA7FlRQUAd9v986Nzf3ft9775v3z\/z19IO1OOvstspvrb3OdRxXaVX14tbVPyVU7z84p+9tmTd2mzKg28DbJvWY1OeW+TcP6aZqq+R7XLeOSkhwlHJVgpPYL2fS\/JuysuepgFPxb0qpSipJ1VLKUTKbaqoS3MRhmVOz0jqVv1GVBP8JqeFwQG3ynUOlhw6V\/eGDWziRKxOlc6Krs+dlzcnOnJk2NHvmbWl9M7NvzpyrAur\/Pu3dDjb4gPu+5twONlktsf+UKVmT5mE6p0LZhFUKO47bWKBUqT\/z0lXZ22TyO50r91eTcyarOnlKLUxZhKcNVMPbxy4vaaQau6luE5Wmmjot1GVYyA0tycsLpTdtmvvxmTMcr\/kXdOeolqoVxzutr8mZmzVlenbaiMzsuWrQ9KnT5qnIIz5p7z9p4wyaPzVzTtrknLS+OfNy2qUNzpo5NfOVzTlplUdNz8zOFEHm3HlZMyEbljNnHt6eWbnypJybsuZMmp4588rZ86dnz8ucnDMna+r8rOlzci6HqHLltl26dkrr0a1bWveuGWldMzort0uB85\/4XzutliiV5HQqcFRCma4TA47C05fdwjYD0zW4ign4K6kC9JSWqAL14RH5Sk1zC7\/p302Dqxojrh\/o4ovfh11BVibg8UJf1iWQARlWSHUL19S4neLzMeKMwAhfPARDQdrEyEYERvqykFswa9F9FI+JEY8MTFaBCbCz7FsXOCLDXkMzizKU47iLZ126GCdyAqFNaxMQIm7erEvH4kRuIPTQq2nK0e6S5OzMOJEOhK7smqqcBHfJLPNenCghkHtl1\/HKSXTzp+yuGSdKDOR2G99TOQE3Pzk7I04UCIRuDTdRTgU3v2RdTpyoQiA0cW8lmXDW1k1xooqRCSu6+alZB+NElQKhkjcyOWHBlIKKcaLKkQkruQW2evM4UZVA7pHSQTIqeUi3OFHVyKjKbsE3x4fHiaoFFnz6+FrusKCk6fg4UfXIDqu4BWty489VIxAKfvSmcqrCkhvWxYmSArnp239UTjW3YOCTz8eJagYWHCktpb0KUuvsjxPVitqr4OejH8eJakfsVd0tnJIe7xvJgdyxk1\/kkQv\/9G6VOFGdyJET3UK7JiVOVDdyrhoufXxa9Hn9QOjvM6cqJ8nN2\/NhvThRSmTnGp5m8uJEDSLbq0lPuyJO1DAQ+rB5gKPgaY\/FiRpFRsExpgSqxYkaR7ZHTwt3iBOlxnjatzPiRE2i582fdWlDnCgtMiE9bdercaKmEU+D2qdcHogTpUd2WAue9mizOFGzQK46fqs4YfKP8UduHnFCOMY3na6JE7Uod4ySHpPjRJdF1AvXXfP47DhRy8i54Lqz2i+LE7Uqd92Bt62OE7WOHLk2PO34U3GiNoHQp483lLV+rnogTtQ2slaCW1C68pM4UbsIMuDIjz3yc5yofeTIDjxtVkKc6PIoQBW2uVgzTtQh6vCFye+mxYk6RjRfzS1UK+IdoFNEUckucTRVK\/9xRjQOFs\/KvTlW0jVypDpw3NwHYyXdAqEtP9xLS8Fvb4qVXBExFAFy2fFYSfeIFpLhteNrxEp6RHaQBKe93MZKeka2rOGziaNjJb2i58yf9e19sZJgZExdeOz+bbESEwgtnPEv5dSDwz5XKVZiI7HhwF+vaRkr8SJWSIK7jukTK7kysk5NeOv+obGS3pHQhb1LfpkRK+kTMTdCZk2P3FhJ38h5AnDVrWtiJf0ie4PPDey\/J1bSP2IfuFzq4XdiJQMiukYk\/Vz\/81jJVRH7wKumJMX5wcCIU8EV\/\/Rd9VjJ1REdVIWT3twoVnJNZLYk+OjtrWMl10a0kwAX7dgxVjIosjfgrhrVI1YyOHKe+igsUq6KlQwJLCj4ejh9p\/BE5qBYydCI72C2kjrXx0qGRWar4xZuO5kVKxke8d4UCYRQ2eORgdCwZfWU04CBcDhW8udAaI6prJyGCIRxr8RKRgVCP75dTTmNEAih4bGS6wK545f3IcAsmbVuVazk+gi+NHaXlFb9MFYyOhCqf7K6clIRCKktYyVjyiUlXSfESm6ISIjdgxmkUcnYyDpNEAiJe2Ml4wIht20Fnie\/9KHvYyXjI+dJQyD0SY6VTAiEBl0BdQIwkVliJRMj6zREIKT0jpVkls9WUm1crOTGyGxNEQh33hormRQILb5fq4qVKjlOpPyOrciVy8JdJ\/85KWXePdO\/XVph+I\/t9zx\/KrR58oy+CSrxRIJS7VQH9biD68BE9w1HqUB6b+X8feYXZkVJV88d+UkLG2Vq511p3FHVq3lRBnMrly+D+gxfVt84yrmj7mg7ukdGkUaUCPP8uUumc8UtQd1t\/F7TsMM482j\/3eaOuieNS6ZVpwPWfaBvFRtlVpT8ZPQ\/hlaz689uNlXea2bfvXW60TdM7mVzammDf\/CNoG7Z6Q5h7qi72h4uHWT0l789aVuPXW5G99hpz186ZvT7v4Rt4qjqlpTDXTKyjK38XjmDEyi3+537fMZRL1vMZPSKkl22c8V25squ67HO\/KB22xbKecoOqE4h1r\/fXGAX3983rN9Ov0GYRxp0sP+8rFNYY7P2T3tSwyM\/edz8MuKTYjer10dm3xsbijVSI2b8qbj7nb0trBvWqIjs\/Pvqhw9tyBeqO37wmDCvX\/u8XVk\/Iawn7D1on7nqTHHB12\/Zy59bV6y3Njplvxnevfilh0\/ZKu9tfNF9O\/20rdH+OaMTRx3h9mCQXbZ43n1BjfepuaLaeQuF6p47BwqzZnWKRXIPamjB0LS3hB82B28OG5352TDTemwNSzph79VWHqysv8Ri\/wZDLI572mR02cETwj1etjr40VAo+4jlGUg1JhPm1JHnbYvAPr7xJja2E0uexrD11r38uQ98K2R0OVfObFr76ouaDFyleP3ZL\/igWDfs8AFmqx5+IXW\/feWnVmE9\/Z6tou8yAyin584DZsnL11ic7wA2KTqGu3xl9NxpNak18\/q1V3BWowGs1IDhYFJMLzoyO9Y9I4fW11QtsXOn3WN+fPuw70xrVp+0L15d1eLgNqNLFysKv\/vBbKshtm9euM8+NqvY3vbVJqthcdvs9AuWs5PKcmS4\/iMNnrGyocZjHpMdYhV\/y\/d+u8CS8gxqH+76UYPV2XaVMHAJ+0DfpUEuafandTQ8FINI7DPbVJa907zygKagwXg4MViutwuaT7V0dpjDNxjdmjRqMExoGQWIwcN0KXjiCVtpy0P+kcVOJzZ+X84gapTLd0B9RuKHozet7Sd+CA8NQgvr5RRlx1IONwjO6J9bPSTMX5O3+bFMl\/rH0GXmydcO4UxHDV3U8oCc\/tH+3ayss2NdjtUf337MLnn5LtnPmtWrrV44o8g+O+cJW819GpH4rIXpVov6X0jNFwprjxMmzh6MOdqj4Ot7fHs8fy43ag958O\/5VNmh1GaA4QupibIxF3GOva+ymjZ85acnEAkZ9i9FO8VSEh+XnpxtddvXLWL9Tku3I7CRupOSVuHMu61uEVgkzM+txlogqtVcHBa2hNohN66wmvj5\/i8heEkVe\/TCCB9QYRYlWAvqM7Klsr2hX0Bv4zDsu0h\/v3mAMNypAAi9DVgj3gbl+t6GYIRlhvnaIcNzw4V8b4O5DE\/30sMNfG\/ja3Sua6ouFqrpUGT4lrxxuLRU\/kFkwzzWJTNueR\/PrdH+x3IGR1AugxHUZxBuRtNR1p9taQbs3oHN5wUBsmvB6KKyY\/nehnRuZGkyNP35SyON5vo4qeEWuHM9KekENlcd\/nTS1ry+h5V1+i2daXVKwruWBiIg00CaUU9voz3E2156eI1FphMgJBVvI0NjEV\/Edf5Hb3vytWv9B5W2NJI3muR\/7XsblCLe9sxVmb638QxchVRthQlpBipa7DFu+WIZwv1optum259DGDfy4frHtwfbeiePSEyQaoSoMDd98aL\/xtEL71gO2ffGGZgRc+xYdxZmWIwznEXAYRUyQ25MkjcwxMgQ5pEbJr8IlEdiuThioyh\/09olQmHkQcJwH9B4UDZG3+JOoSTft5j8SbmKj+uShMjQoQbsPmdYcmgujnWAa139GGQSxvQmsp4p8wIBFnmDkYaHUPMhK3PA3jheA9odRsUqZP44dqvlGygnGHX77OdHH7Wcg39kUsIHVyFFMh4jDGOaeUkzdzIuudPEUXf7W0cRIRbmKuoxmOu7BU2kotK7DtT1EGTBCXsredhtUDc\/\/QvUU7uIIYAHRfrExu3C1Dt5tw+mXBJAb778rTXoAaO5FMpyy\/zNCgVQsBTZaxmgYKlkanlABB+3vMQ8PuuS5Som+FENjyULDOJpeBaKrdYenfLExo4e0vAO5O8rPO6DFDv9WZj1Zyt4b17o4gF9kz1kIg9pxcNePLfm9SnewZtTPRrHW1m\/uQeYwestPe7QPvFaW48lCynrQWGAK7bPxBYeNL3IZvVq4qUkjEJGre3pam5bgGVFb1V2LSj3vOUcpl3hu6JY1hLygJUgEZBpUnIlK06mNUGGX0NPIQ6awHOIK02MDnk\/CXNoQ6IHTdHlkjwqB\/WQ983wPcYtMwy67w60bvenJXkujRtlDm3Y7+NylGGiFFGUAT4pl8NBfUZE9PYoI8MpijJcQmUqh0fGa0afOnKBtRjByQDZijQcy2C7xaiEDYTFwPilQTIa9hdJn4lZ\/qvIfDKW0cnJ3LJZ1ULHL\/axNb9+b3a6h+cyswmDJ3bgmdutixD05Ek199pyBoOUO2KPLWdyvTqey2oNzmDd27\/63Gc6ftBcLCkM3vXXAlVqCSKAEYRDF0l6IMNIRHj5OWfhjOB\/n3MYQfKA2YTq2NoI+ATf5iGRlRsDhYBg9U4OEUiLYhzzLhlGNOMV+jkpSNx4zKdYPs+6fSZ+hkldq9GYwAm2m+uqt2dmNtjQSAFaTkaqKyy6XxjWcTQlXHEHome6+W7BSzyDcYkgvEFo5ghGLV0R1Wwv5JdVWK8cF3mPeA2YBOgng+m4T8O7l8ua4HDp361+\/lwxouNhe131rchFW6xUTYyhRffnCQWYjhaG3sfkJjiEhXGCH0zmZ6gPOPtNX\/wVpam\/HK6ADgsCSa+sFaIMLOTXCqA+Q5HanKgcFg2ohYwEMNQWpF5Be8EBHwRTfi6k5WuFwesANOA90JXHi8d71tWkADTfrkwzcXb915PPEqJQ24RZKQyCRkqx18VCZVky7976JE9mcVn0kxiQ0bLodZnVaGjNFE2IJqAT3QBgKwH3e3DNWiIUy90gDJMK3ySQ2XcGPyqYQ\/wVMD915BbO7m+ZDD2Xb9C\/ZQhdgJWqpB38RT2YD5sXCBXvIcN9AB2NhrOJDgae2YtL4Z3GLdMyWglweyBhGO6agvqvWxhOhduGCevvFnhAjv5hGp5U8w5BZra5S97UbQsf4PxhUqRV\/wFKimJU1zxAsebBAZTFWb0mCJWwIcPCB\/muGKVBM3j4nmLAC3ReUuy27FSRqbHYDeIOgVME3b8UzQOT19PFVQxau6kYhr6ORy9+ds40obiX3m2xz2LWhzBYsWbFhGgoJoUHhOUBfCNMq6M+CUOvd9hfRkwKs9gh1QdvtsIQTZABwxrjqLUwUxmWDrtlulK92Yk4iaTb1XPpAmwmuL8fq+\/JE922pc8waBHFxS4M6b9cNkrtc\/zYoCEkJKIMIsIPCVCfoUg5dFmmK4HofkurSjapd7K6B50ewUWvpkeAJZXuABnYBKGON6hcDiGVOcgwd\/KNcctdf8hdvZXMQSqTkuEqnx\/FG1y2z8REj5RzSD8Gc\/g75xUETmnREGgsvs\/gZJRoIj1vGixoSTUVRobBdO+3RRaAdQK724IrzAnL6kCuXzi83y8B9RkkHwunfAm3zPWIhh3wtKethuph1z047z0SWbIemUlJ1\/s4xVjrM\/FxpmWki\/tYqxCKFmPCKqjMrvvf1F5+j\/kSGYVOC0UVwc\/rCoOuCXNhL0Yck2MQ6CEI5AKPcKVba3hhNCh9cHc4ZxBaRsai9A4igoQKsJJhCcespBGhqDJyDancT8lwIyxhUBNZnb59DqC3Gd0UiN3easCnXAEQjZZxK4kdbi4V29QpUywbTIbXFdKUhAf8B3c\/uA3V9huGOQQ9r4oCdAh+oYIrZIjpdba9zrp+GRRXgpJ2DQBgt0WILhfVojAqRFG3HWaZK\/csORStgEs6LjnIhqjfhGEMESfRl\/rCEFNJ6RvygMDRIuAAZvItgro6HGQB4DRdJtbQrP0tNAM+PcQeG3yj1bw1cSXYQBwO2LhCzs\/bMFdE1bnBVlhUB\/eaDdjpZ0YeQNOoTZfjfnYsiMyXi\/G6qMy4apWrHJ6UcarpeGTQX0PktPKAEr\/jitwIZejvAG7EBRlEjUUPHheWo1azPmFfij0KeqdmLckNwUGEStszysDdygsXYbieW7YD5XAYdSutHzJs3FG38IuDcr19+oe3odcjtNgHiMLTOO0ZHP8rq\/\/8yWeIjouWVHZLZsDu2l6bsW8ijlBJ0yYT9rb2qDlS2VOU4XIID38D6gdohsHAzPH\/+fk\/kp8fAeww9PlAQJZ1GbppTeQAVAaPitvWbYKpVAYprs\/PCMNqVN5Ylf02trgDwXBcCj0Ewhk42C540wVxIpRvAY9DMrrUForORVNhEEieAPWq7M4egbrp9s5yjXPJwGuV+\/3my8oZKSinTrkM97b12EBTj80yXGwbegyL9zYmeVSxrEcGnwPR69xmNSoHFMuP4br1D\/qL1byM0c7cMy3jksEqyiVggfqMrMcNcj06i6zHbinXY2nKZTTv3WR4AZT1WMlyPWpzVfa9fmIgxpL+24nhoYrKYW8COBSWqplM4zGTUd5cHhZnYJMdtQjdpVg8nGhPilu47\/KMFECfeIjGNQOQvYkLAwf3M8W1JHZZ4vj7v\/xu9VM\/3IuEWdVjQIzukeyJ5ghKT\/1QyyPVbcZ2EKbxmH4eFY7qbrTH7I3bm4cPBoyF2R5yE7B4Nu+n\/gPWQkdKZ\/KybTWKKw8Tm4denejRnwEVo1lBoLU1lPME8SWhn4czFP1xrLtQjVwkDL0Akwb1Xb3TPKgZukvjaoYdSo8n7lyxqoeSLIjvKL8zFoqqvPeJUE2lkmF7CEAdRPisk1hghicuaCYHqFC0ha8hvE8VAKBmAc9XWupG06qoLpn9kEmR21hRECH\/OHZRqOZ3JjKnjtQDlIeZQdM9egW3zjLWbZLf1uNe3HaF3XzmcGk7D20pg8KwnQeo4f3NI5YhMbb3eJHDbnDMoAGwZEABVcxb6b2EYosDhNmxbqjHCBdlssZCZYw4SbUaGvXodKTQnf8A7oar8hiP+4cvDfNumPwbEzSaHhU8XGzbeDXa1\/L+eVlNoShyv8ENvJa3+P5X7K+hyh6CTlpU8JQQCoVvGXQDUEIck+qBeQRtEQdlxBqmDMDP7VRECSC4DwKvxLBWkQc0Kr4v8gJYrFn\/46Th4cveEyqNGzJf\/lbJA1CHNUthgFX40IYWHpJTMe71bT3UF2E07quxLxIuixjlcM\/YokFp94cwLC4BbAZwUwsF6jLDro\/UQfQm9ulpK6Kr23hMc1gkx\/IW4bFPz+YQ+hIW6k3x2Dll+4WwD2+uiBbDC\/hW95t\/Pf\/86MfCEOF468WQF1ACP4LI2oKi6C6i7MNSbpByOXnAdMWUh2MZTR\/FXQVfr17FSsOI7MflDGWHkuZ3WYUhyieDICDA+Y0IJkQ2IqBaI2DAFUgBFz46ILtyD3Am1Ne8QRD6oWcf2Fnl0ZPZOyBF93a9MMx9AuwvXl0q\/2BDggeUhjN7zNLzjjJoSoWlLx5lop9aWLiyrINfBgXjeIqyY\/nNb7TFfBEZxp6YkDukgrgF0RhrfcSB7IVJVvbCUl0kbLkwl0M5TD\/7JG2ziOcfaa3TSFyOFCcdLwwrXy4pnWwmVaIDlvWTM3GfVPRJhjddvgFM9Zvf8BhpfsMhjUzKM3AVUnUf7jmUYNsG6h+NBnA\/gzRhcBWlxaXyxxez7UIRlG8Ig4rRf4NLcQipzEEGgRnkGwisoAwB2ivOAaJkUlDFVeQNLsshpJyDzUOW5cXz3rEuLzVRhipkp6mcwRhfFGXoVKiK\/lrOiIiJJ8rIcIqiDJdQ\/0IJyM8UvOO6vIYAw5h8F1hWlKyjSDUzMUIWJt4FRH3N90EkAEDNKeSxTUxqX+CNFah\/vrBUuTxgYBDqaCWpbqk3ojL6TEGA6kpxOOZBUvlCRYYRAwQIClRNv+fbIO82yB3GZVDBoYxcLlAcGa4AYGXbzCComsAJsoTCz5cJgxRjUU6xcb7bIkUBDEskF+M+cgQh0VqC667eE\/0H1CfvnwQbzUqRhQiBlFSciQzaJgI2zJCWEyOhoYxCoxYJFTl8J\/PN0wCnhmwB78RHjggjei5TuFoPNKGueWgJfDI4OWkQPcJzPGwQ26EdjcvOnEzCKgQogg5mZ8TXIH5MGYFasZ5UsqT49PSAMIQ2ZjLNohm3FyTZ11A3nuMcR1GZ8VPgURh9CNPRUZQjIamCpHziXYl3FBpMMJeZm0bvfuciocCHscLwBxPUAr5nNZBXqV9q0EXEmSjDM6P\/fUIOL4zoBcmknKGXIHV4qJ8Ow7vG+P4H46OV8BZvu0IB\/08IcxC5ntkRznRMvBNBiCp9HS+oXwmGkrL1JA9426605X36sEFR9SY8c6DhzsUh6eXQfFGZSdgXgj\/5+xYdlTE4n3IJ2aA+81Y6DsCXowxfVnkJfmDjgdXwfmF4geWHbWnK8BZCfJAoYvLgkUh58ZMHA8\/8Cls+aI7fWsmTFIPxzMv2bzNQGnI7F0c0w6eTfKFSLJFhKY23PCm7UxLqosb7DNkBc4zucR4K\/w1+eh4qPsXK+Tz+sRPw\/KkEAADrOOw3TYxLJ0NC3oja6gLcpwC+juIRUCNwypICkFYknwMYq7iIZHKcIegjAK0EHq\/3dD2p7eHQUNxC+QEEMUe8lYop05RyuA47eiiBtghDIyOt8kp3WiKNlC4kPzS4JfwRv6ydQuq4IPG8aW2CR\/jAra8aSopnMAT1FB2DFSJnJ8WDccKwHGChJU3ww6VVMeSsuThCyxzs9aBGKfEtQob1Ad+gq8sQ5mjOwTPLpNwyVyEVJ+A\/6FNiLzJEDBwuqJlHGcQ0MR0C6qHxG4oToJykvrobmoVuwloByj9qeAEk+kHnTIMDbeMxCR4SDJy9hgegWg8TN\/R4A+XnMlx9DkG9DfkRbiU+pFXBrWESbH6e2J4K5D6KxODiUM\/wNxFBTPImInCZUPkUQoaAwCyuWSny8snuA2sEcSD2CUiJY\/KAKEWPgkMTkN6FVwQN0RMOFBSPoh7KFMN7cT4UWNv\/5k4G+RNtgOlG0\/jAcaqH5zXAmVPwhsboXJ3y1yPDAoZv8GIhQxgJnCNabSB9CCaQwpFuEAb3Gf\/c7E+x+8UVxJCodiRvkrKUd8nwbicS6o2v0hFkLE4EeM7Aw5v8r8s8A5cjVSfwMQQ3P5qaybGldO+Aa0ZuOBzLcECMSmWmMYY+hx32hBMdIMAli5kYhbxRw+YH4IA\/UOq7Khn2gqj3gyicxZCDrmjt8QykiJA1wsDvkNube2iW8TNRE4\/tQH5Y1sRUnAXtgLfwqQiTkuEqDF7cKaz0ieZOe8simXBpK5mFO0Wq8nuF\/KkWz8IKQA7HapSnJZXjk+EBWbPzJo389Q4mGwio20s1BtmdFq9gu4AUHUn\/Z03APv8NrM0SkC1GlGOYgzrlpKRcRTlUGbyaPp+MLPYdEkRXHypoTR4CSVSoaIYMSmT\/DWZ3DiGVOciw+c43RFUcAh\/AR\/g8oTIpGa4ib3BZDiHlHMoB8sGJkUjIMPvS3kzrqI4q8Vy4jHfwfZ5tDZaGNB6prEeGfSx5g6HIIcyUMgfuEpLSSWUVMowKvsEGj\/xSjTU4UzpbgJp3EIC1KIIUZfv1wuD+57\/BCxqjgjuVObh1TkrKVaSghiMHOcQlw4zhzjZviK\/hq3AMgzrGuvgAU87IKIqiDFKqctn3AfUZEXFmMsrhIxlPpufOip4L\/2OJ5D8ho15HaQVGym50z85yyxKdWNNolESAx14IqBWMQR\/i2MJlrmIm1PztYBCYR8rKQR6g8+PxgsIMIT8qXFFSB32Zh3DjSPHQblqKu3xjfCuaL1Tz0zMZFonyBiOTmRiJE+CGNg4avPwpnnQOJNwILN3G\/yqQQ\/eTB1QKbttYbZd1mS4Ye+wFINx34EC3GdQzgtu4C52E+YJmQTLGkun4QYJcumU5GJaZxWOB\/c7gdP6qoqfYhomXVPyBDE0vb3BmDmG6kcwyYs+HANYEj5TXYnlAYCJScIeiKX5SIPQyzXOnuIHzo32eZb2AImaklGD8NIfbqXGJMFEGFlP4subbTqn\/Ag==(\/figma)--><a href=\"https:\/\/goo.gl\/maps\/pn2jmEJw1rB7AqJY6\"><span style=\"white-space: pre-wrap;\">Lugar do Coto, Melga\u00e7o <br \/>Viana do Castelo, Portugal<\/span><\/a><\/p><p>comercial@quintadoregueiro.com<\/p><p>+351 966 854 542<\/p>\t\t\t\t\t\t<\/div>\n\t\t\t\t<\/div>\n\t\t\t\t\t<\/div>\n\t\t<\/div>\n\t\t\t\t\t\t\t<\/div>\n\t\t<\/section>\n\t\t\t\t<section class=\"elementor-section elementor-top-section elementor-element elementor-element-08a50e8 elementor-section-boxed elementor-section-height-default elementor-section-height-default\" data-id=\"08a50e8\" data-element_type=\"section\">\n\t\t\t\t\t\t<div class=\"elementor-container elementor-column-gap-default\">\n\t\t\t\t\t<div class=\"elementor-column elementor-col-100 elementor-top-column elementor-element elementor-element-9f9a60d\" data-id=\"9f9a60d\" data-element_type=\"column\">\n\t\t\t<div class=\"elementor-widget-wrap\">\n\t\t\t\t\t\t\t\t\t<\/div>\n\t\t<\/div>\n\t\t\t\t\t\t\t<\/div>\n\t\t<\/section>\n\t\t\t\t\t\t<\/div>\n\t\t\t\t\t<\/div>","protected":false},"excerpt":{"rendered":"<p>Descubra a ess\u00eancia deste territ\u00f3rio com uma visita completa \u00e0 Quinta. Lugar do Coto, Melga\u00e7o Viana do Castelo, Portugal comercial@quintadoregueiro.com +351 966 854 542<\/p>","protected":false},"author":1,"featured_media":0,"parent":0,"menu_order":0,"comment_status":"closed","ping_status":"closed","template":"elementor_header_footer","meta":{"footnotes":"","_links_to":"","_links_to_target":""},"class_list":["post-212","page","type-page","status-publish","hentry"],"_links":{"self":[{"href":"https:\/\/quintadoregueiro.com\/en\/wp-json\/wp\/v2\/pages\/212","targetHints":{"allow":["GET"]}}],"collection":[{"href":"https:\/\/quintadoregueiro.com\/en\/wp-json\/wp\/v2\/pages"}],"about":[{"href":"https:\/\/quintadoregueiro.com\/en\/wp-json\/wp\/v2\/types\/page"}],"author":[{"embeddable":true,"href":"https:\/\/quintadoregueiro.com\/en\/wp-json\/wp\/v2\/users\/1"}],"replies":[{"embeddable":true,"href":"https:\/\/quintadoregueiro.com\/en\/wp-json\/wp\/v2\/comments?post=212"}],"version-history":[{"count":26,"href":"https:\/\/quintadoregueiro.com\/en\/wp-json\/wp\/v2\/pages\/212\/revisions"}],"predecessor-version":[{"id":1294,"href":"https:\/\/quintadoregueiro.com\/en\/wp-json\/wp\/v2\/pages\/212\/revisions\/1294"}],"wp:attachment":[{"href":"https:\/\/quintadoregueiro.com\/en\/wp-json\/wp\/v2\/media?parent=212"}],"curies":[{"name":"wp","href":"https:\/\/api.w.org\/{rel}","templated":true}]}}